{"id":560,"date":"2026-04-14T18:55:09","date_gmt":"2026-04-14T17:55:09","guid":{"rendered":"https:\/\/retibai-security.com\/?page_id=560"},"modified":"2026-04-14T19:09:00","modified_gmt":"2026-04-14T18:09:00","slug":"priseur-de-notes","status":"publish","type":"page","link":"https:\/\/retibai-security.com\/fr\/priseur-de-notes\/","title":{"rendered":"Prise de notes"},"content":{"rendered":"<p><iframe\n  src=\"https:\/\/retibairecording.onrender.com\"\n  title=\"Enregistrement Retibai\"\n  style=\"width:100%; height:100vh; border:0;\"\n  allow=\"microphone; camera; autoplay; clipboard-read; clipboard-write\"\n><\/iframe><\/p>","protected":false},"excerpt":{"rendered":"","protected":false},"author":1,"featured_media":0,"parent":0,"menu_order":0,"comment_status":"closed","ping_status":"closed","template":"","meta":{"pmpro_default_level":"","ocean_post_layout":"","ocean_both_sidebars_style":"","ocean_both_sidebars_content_width":0,"ocean_both_sidebars_sidebars_width":0,"ocean_sidebar":"","ocean_second_sidebar":"","ocean_disable_margins":"enable","ocean_add_body_class":"","ocean_shortcode_before_top_bar":"","ocean_shortcode_after_top_bar":"","ocean_shortcode_before_header":"","ocean_shortcode_after_header":"","ocean_has_shortcode":"","ocean_shortcode_after_title":"","ocean_shortcode_before_footer_widgets":"","ocean_shortcode_after_footer_widgets":"","ocean_shortcode_before_footer_bottom":"","ocean_shortcode_after_footer_bottom":"","ocean_display_top_bar":"default","ocean_display_header":"default","ocean_header_style":"","ocean_center_header_left_menu":"","ocean_custom_header_template":"","ocean_custom_logo":0,"ocean_custom_retina_logo":0,"ocean_custom_logo_max_width":0,"ocean_custom_logo_tablet_max_width":0,"ocean_custom_logo_mobile_max_width":0,"ocean_custom_logo_max_height":0,"ocean_custom_logo_tablet_max_height":0,"ocean_custom_logo_mobile_max_height":0,"ocean_header_custom_menu":"","ocean_menu_typo_font_family":"","ocean_menu_typo_font_subset":"","ocean_menu_typo_font_size":0,"ocean_menu_typo_font_size_tablet":0,"ocean_menu_typo_font_size_mobile":0,"ocean_menu_typo_font_size_unit":"px","ocean_menu_typo_font_weight":"","ocean_menu_typo_font_weight_tablet":"","ocean_menu_typo_font_weight_mobile":"","ocean_menu_typo_transform":"","ocean_menu_typo_transform_tablet":"","ocean_menu_typo_transform_mobile":"","ocean_menu_typo_line_height":0,"ocean_menu_typo_line_height_tablet":0,"ocean_menu_typo_line_height_mobile":0,"ocean_menu_typo_line_height_unit":"","ocean_menu_typo_spacing":0,"ocean_menu_typo_spacing_tablet":0,"ocean_menu_typo_spacing_mobile":0,"ocean_menu_typo_spacing_unit":"","ocean_menu_link_color":"","ocean_menu_link_color_hover":"","ocean_menu_link_color_active":"","ocean_menu_link_background":"","ocean_menu_link_hover_background":"","ocean_menu_link_active_background":"","ocean_menu_social_links_bg":"","ocean_menu_social_hover_links_bg":"","ocean_menu_social_links_color":"","ocean_menu_social_hover_links_color":"","ocean_disable_title":"default","ocean_disable_heading":"default","ocean_post_title":"","ocean_post_subheading":"","ocean_post_title_style":"","ocean_post_title_background_color":"","ocean_post_title_background":0,"ocean_post_title_bg_image_position":"","ocean_post_title_bg_image_attachment":"","ocean_post_title_bg_image_repeat":"","ocean_post_title_bg_image_size":"","ocean_post_title_height":0,"ocean_post_title_bg_overlay":0.5,"ocean_post_title_bg_overlay_color":"","ocean_disable_breadcrumbs":"default","ocean_breadcrumbs_color":"","ocean_breadcrumbs_separator_color":"","ocean_breadcrumbs_links_color":"","ocean_breadcrumbs_links_hover_color":"","ocean_display_footer_widgets":"default","ocean_display_footer_bottom":"default","ocean_custom_footer_template":"","footnotes":""},"class_list":["post-560","page","type-page","status-publish","hentry","pmpro-has-access","entry"],"yoast_head":"<!-- This site is optimized with the Yoast SEO plugin v27.3 - https:\/\/yoast.com\/product\/yoast-seo-wordpress\/ -->\n<title>Note Taker - Retibai Security<\/title>\n<meta name=\"description\" content=\"Note Taker lets you use ChatGPT securely by hiding confidential words and names \u2014 perfect for lawyers, translators, and doctors handling sensitive data.\" \/>\n<meta name=\"robots\" content=\"index, follow, max-snippet:-1, max-image-preview:large, max-video-preview:-1\" \/>\n<link rel=\"canonical\" href=\"https:\/\/retibai-security.com\/fr\/priseur-de-notes\/\" \/>\n<meta property=\"og:locale\" content=\"fr_FR\" \/>\n<meta property=\"og:type\" content=\"article\" \/>\n<meta property=\"og:title\" content=\"Note Taker - Retibai Security\" \/>\n<meta property=\"og:description\" content=\"Note Taker lets you use ChatGPT securely by hiding confidential words and names \u2014 perfect for lawyers, translators, and doctors handling sensitive data.\" \/>\n<meta property=\"og:url\" content=\"https:\/\/retibai-security.com\/fr\/priseur-de-notes\/\" \/>\n<meta property=\"og:site_name\" content=\"Retibai Security\" \/>\n<meta property=\"article:modified_time\" content=\"2026-04-14T18:09:00+00:00\" \/>\n<meta property=\"og:image\" content=\"https:\/\/retibai-security.com\/wp-content\/uploads\/2025\/06\/retibAI-Security-1.png\" \/>\n\t<meta property=\"og:image:width\" content=\"500\" \/>\n\t<meta property=\"og:image:height\" content=\"500\" \/>\n\t<meta property=\"og:image:type\" content=\"image\/png\" \/>\n<meta name=\"twitter:card\" content=\"summary_large_image\" \/>\n<script type=\"application\/ld+json\" class=\"yoast-schema-graph\">{\"@context\":\"https:\\\/\\\/schema.org\",\"@graph\":[{\"@type\":\"TechArticle\",\"@id\":\"https:\\\/\\\/retibai-security.com\\\/note-taker\\\/#article\",\"isPartOf\":{\"@id\":\"https:\\\/\\\/retibai-security.com\\\/note-taker\\\/\"},\"author\":{\"name\":\"MP\",\"@id\":\"https:\\\/\\\/retibai-security.com\\\/#\\\/schema\\\/person\\\/340d224b109882e07d26076567c92285\"},\"headline\":\"Note Taker\",\"datePublished\":\"2026-04-14T17:55:09+00:00\",\"dateModified\":\"2026-04-14T18:09:00+00:00\",\"mainEntityOfPage\":{\"@id\":\"https:\\\/\\\/retibai-security.com\\\/note-taker\\\/\"},\"wordCount\":2,\"publisher\":{\"@id\":\"https:\\\/\\\/retibai-security.com\\\/#organization\"},\"inLanguage\":\"fr-FR\"},{\"@type\":[\"WebPage\",\"AboutPage\"],\"@id\":\"https:\\\/\\\/retibai-security.com\\\/note-taker\\\/\",\"url\":\"https:\\\/\\\/retibai-security.com\\\/note-taker\\\/\",\"name\":\"Note Taker - Retibai Security\",\"isPartOf\":{\"@id\":\"https:\\\/\\\/retibai-security.com\\\/#website\"},\"datePublished\":\"2026-04-14T17:55:09+00:00\",\"dateModified\":\"2026-04-14T18:09:00+00:00\",\"description\":\"Note Taker lets you use ChatGPT securely by hiding confidential words and names \u2014 perfect for lawyers, translators, and doctors handling sensitive data.\",\"breadcrumb\":{\"@id\":\"https:\\\/\\\/retibai-security.com\\\/note-taker\\\/#breadcrumb\"},\"inLanguage\":\"fr-FR\",\"potentialAction\":[{\"@type\":\"ReadAction\",\"target\":[\"https:\\\/\\\/retibai-security.com\\\/note-taker\\\/\"]}]},{\"@type\":\"BreadcrumbList\",\"@id\":\"https:\\\/\\\/retibai-security.com\\\/note-taker\\\/#breadcrumb\",\"itemListElement\":[{\"@type\":\"ListItem\",\"position\":1,\"name\":\"Home\",\"item\":\"https:\\\/\\\/retibai-security.com\\\/\"},{\"@type\":\"ListItem\",\"position\":2,\"name\":\"Note Taker\"}]},{\"@type\":\"WebSite\",\"@id\":\"https:\\\/\\\/retibai-security.com\\\/#website\",\"url\":\"https:\\\/\\\/retibai-security.com\\\/\",\"name\":\"Retibai Security\",\"description\":\"With RetibAI-Security, you can use ChatGPT in a fully secure environment\",\"publisher\":{\"@id\":\"https:\\\/\\\/retibai-security.com\\\/#organization\"},\"alternateName\":\"RetibAI\",\"potentialAction\":[{\"@type\":\"SearchAction\",\"target\":{\"@type\":\"EntryPoint\",\"urlTemplate\":\"https:\\\/\\\/retibai-security.com\\\/?s={search_term_string}\"},\"query-input\":{\"@type\":\"PropertyValueSpecification\",\"valueRequired\":true,\"valueName\":\"search_term_string\"}}],\"inLanguage\":\"fr-FR\"},{\"@type\":\"Organization\",\"@id\":\"https:\\\/\\\/retibai-security.com\\\/#organization\",\"name\":\"Retibai Security\",\"alternateName\":\"RetibAI\",\"url\":\"https:\\\/\\\/retibai-security.com\\\/\",\"logo\":{\"@type\":\"ImageObject\",\"inLanguage\":\"fr-FR\",\"@id\":\"https:\\\/\\\/retibai-security.com\\\/#\\\/schema\\\/logo\\\/image\\\/\",\"url\":\"https:\\\/\\\/retibai-security.com\\\/wp-content\\\/uploads\\\/2025\\\/06\\\/retibAI-Security-1.png\",\"contentUrl\":\"https:\\\/\\\/retibai-security.com\\\/wp-content\\\/uploads\\\/2025\\\/06\\\/retibAI-Security-1.png\",\"width\":500,\"height\":500,\"caption\":\"Retibai Security\"},\"image\":{\"@id\":\"https:\\\/\\\/retibai-security.com\\\/#\\\/schema\\\/logo\\\/image\\\/\"}},{\"@type\":\"Person\",\"@id\":\"https:\\\/\\\/retibai-security.com\\\/#\\\/schema\\\/person\\\/340d224b109882e07d26076567c92285\",\"name\":\"MP\",\"image\":{\"@type\":\"ImageObject\",\"inLanguage\":\"fr-FR\",\"@id\":\"https:\\\/\\\/secure.gravatar.com\\\/avatar\\\/077e43d673efccb3ee08292d5b4034615dcb0ced4442c126650b2ba5e52c7310?s=96&d=mm&r=g\",\"url\":\"https:\\\/\\\/secure.gravatar.com\\\/avatar\\\/077e43d673efccb3ee08292d5b4034615dcb0ced4442c126650b2ba5e52c7310?s=96&d=mm&r=g\",\"contentUrl\":\"https:\\\/\\\/secure.gravatar.com\\\/avatar\\\/077e43d673efccb3ee08292d5b4034615dcb0ced4442c126650b2ba5e52c7310?s=96&d=mm&r=g\",\"caption\":\"MP\"},\"sameAs\":[\"https:\\\/\\\/retibai-security.com\"],\"url\":\"https:\\\/\\\/retibai-security.com\\\/fr\\\/author\\\/admin-2-2-2-2-2-2-2-2-2-2-2-2-2-2-2-2-2-2-2-2-2-2\\\/\"}]}<\/script>\n<!-- \/ Yoast SEO plugin. -->","yoast_head_json":{"title":"Prise de notes - Retibai Security","description":"Note Taker vous permet d'utiliser ChatGPT en toute s\u00e9curit\u00e9 en masquant les mots et noms confidentiels, ce qui est id\u00e9al pour les avocats, les traducteurs et les m\u00e9decins qui traitent des donn\u00e9es sensibles.","robots":{"index":"index","follow":"follow","max-snippet":"max-snippet:-1","max-image-preview":"max-image-preview:large","max-video-preview":"max-video-preview:-1"},"canonical":"https:\/\/retibai-security.com\/fr\/priseur-de-notes\/","og_locale":"fr_FR","og_type":"article","og_title":"Note Taker - Retibai Security","og_description":"Note Taker lets you use ChatGPT securely by hiding confidential words and names \u2014 perfect for lawyers, translators, and doctors handling sensitive data.","og_url":"https:\/\/retibai-security.com\/fr\/priseur-de-notes\/","og_site_name":"Retibai Security","article_modified_time":"2026-04-14T18:09:00+00:00","og_image":[{"width":500,"height":500,"url":"https:\/\/retibai-security.com\/wp-content\/uploads\/2025\/06\/retibAI-Security-1.png","type":"image\/png"}],"twitter_card":"summary_large_image","schema":{"@context":"https:\/\/schema.org","@graph":[{"@type":"TechArticle","@id":"https:\/\/retibai-security.com\/note-taker\/#article","isPartOf":{"@id":"https:\/\/retibai-security.com\/note-taker\/"},"author":{"name":"MP","@id":"https:\/\/retibai-security.com\/#\/schema\/person\/340d224b109882e07d26076567c92285"},"headline":"Note Taker","datePublished":"2026-04-14T17:55:09+00:00","dateModified":"2026-04-14T18:09:00+00:00","mainEntityOfPage":{"@id":"https:\/\/retibai-security.com\/note-taker\/"},"wordCount":2,"publisher":{"@id":"https:\/\/retibai-security.com\/#organization"},"inLanguage":"fr-FR"},{"@type":["WebPage","AboutPage"],"@id":"https:\/\/retibai-security.com\/note-taker\/","url":"https:\/\/retibai-security.com\/note-taker\/","name":"Prise de notes - Retibai Security","isPartOf":{"@id":"https:\/\/retibai-security.com\/#website"},"datePublished":"2026-04-14T17:55:09+00:00","dateModified":"2026-04-14T18:09:00+00:00","description":"Note Taker vous permet d'utiliser ChatGPT en toute s\u00e9curit\u00e9 en masquant les mots et noms confidentiels, ce qui est id\u00e9al pour les avocats, les traducteurs et les m\u00e9decins qui traitent des donn\u00e9es sensibles.","breadcrumb":{"@id":"https:\/\/retibai-security.com\/note-taker\/#breadcrumb"},"inLanguage":"fr-FR","potentialAction":[{"@type":"ReadAction","target":["https:\/\/retibai-security.com\/note-taker\/"]}]},{"@type":"BreadcrumbList","@id":"https:\/\/retibai-security.com\/note-taker\/#breadcrumb","itemListElement":[{"@type":"ListItem","position":1,"name":"Home","item":"https:\/\/retibai-security.com\/"},{"@type":"ListItem","position":2,"name":"Note Taker"}]},{"@type":"WebSite","@id":"https:\/\/retibai-security.com\/#website","url":"https:\/\/retibai-security.com\/","name":"Retibai Security","description":"Avec RetibAI-Security, vous pouvez utiliser Chat GPT dans un environnement enti\u00e8rement s\u00e9curis\u00e9","publisher":{"@id":"https:\/\/retibai-security.com\/#organization"},"alternateName":"RetibAI","potentialAction":[{"@type":"SearchAction","target":{"@type":"EntryPoint","urlTemplate":"https:\/\/retibai-security.com\/?s={search_term_string}"},"query-input":{"@type":"PropertyValueSpecification","valueRequired":true,"valueName":"search_term_string"}}],"inLanguage":"fr-FR"},{"@type":"Organization","@id":"https:\/\/retibai-security.com\/#organization","name":"Retibai Security","alternateName":"RetibAI","url":"https:\/\/retibai-security.com\/","logo":{"@type":"ImageObject","inLanguage":"fr-FR","@id":"https:\/\/retibai-security.com\/#\/schema\/logo\/image\/","url":"https:\/\/retibai-security.com\/wp-content\/uploads\/2025\/06\/retibAI-Security-1.png","contentUrl":"https:\/\/retibai-security.com\/wp-content\/uploads\/2025\/06\/retibAI-Security-1.png","width":500,"height":500,"caption":"Retibai Security"},"image":{"@id":"https:\/\/retibai-security.com\/#\/schema\/logo\/image\/"}},{"@type":"Person","@id":"https:\/\/retibai-security.com\/#\/schema\/person\/340d224b109882e07d26076567c92285","name":"MP","image":{"@type":"ImageObject","inLanguage":"fr-FR","@id":"https:\/\/secure.gravatar.com\/avatar\/077e43d673efccb3ee08292d5b4034615dcb0ced4442c126650b2ba5e52c7310?s=96&d=mm&r=g","url":"https:\/\/secure.gravatar.com\/avatar\/077e43d673efccb3ee08292d5b4034615dcb0ced4442c126650b2ba5e52c7310?s=96&d=mm&r=g","contentUrl":"https:\/\/secure.gravatar.com\/avatar\/077e43d673efccb3ee08292d5b4034615dcb0ced4442c126650b2ba5e52c7310?s=96&d=mm&r=g","caption":"MP"},"sameAs":["https:\/\/retibai-security.com"],"url":"https:\/\/retibai-security.com\/fr\/author\/admin-2-2-2-2-2-2-2-2-2-2-2-2-2-2-2-2-2-2-2-2-2-2\/"}]}},"_links":{"self":[{"href":"https:\/\/retibai-security.com\/fr\/wp-json\/wp\/v2\/pages\/560","targetHints":{"allow":["GET"]}}],"collection":[{"href":"https:\/\/retibai-security.com\/fr\/wp-json\/wp\/v2\/pages"}],"about":[{"href":"https:\/\/retibai-security.com\/fr\/wp-json\/wp\/v2\/types\/page"}],"author":[{"embeddable":true,"href":"https:\/\/retibai-security.com\/fr\/wp-json\/wp\/v2\/users\/1"}],"replies":[{"embeddable":true,"href":"https:\/\/retibai-security.com\/fr\/wp-json\/wp\/v2\/comments?post=560"}],"version-history":[{"count":2,"href":"https:\/\/retibai-security.com\/fr\/wp-json\/wp\/v2\/pages\/560\/revisions"}],"predecessor-version":[{"id":565,"href":"https:\/\/retibai-security.com\/fr\/wp-json\/wp\/v2\/pages\/560\/revisions\/565"}],"wp:attachment":[{"href":"https:\/\/retibai-security.com\/fr\/wp-json\/wp\/v2\/media?parent=560"}],"curies":[{"name":"wp","href":"https:\/\/api.w.org\/{rel}","templated":true}]}}